{"id":2288,"date":"2022-07-26T15:17:54","date_gmt":"2022-07-26T13:17:54","guid":{"rendered":"https:\/\/supersieben.com\/imprint\/"},"modified":"2023-04-03T12:44:58","modified_gmt":"2023-04-03T10:44:58","slug":"imprint","status":"publish","type":"page","link":"https:\/\/supersieben.com\/en\/imprint\/","title":{"rendered":"Imprint"},"content":{"rendered":"<p>[et_pb_section fb_built=&#8221;1&#8243; custom_padding_last_edited=&#8221;off|tablet&#8221; _builder_version=&#8221;4.17.4&#8243; _module_preset=&#8221;default&#8221; min_height=&#8221;90vh&#8221; height=&#8221;90vh&#8221; custom_margin=&#8221;||||false|false&#8221; custom_margin_tablet=&#8221;||50px||false|false&#8221; custom_margin_last_edited=&#8221;off|tablet&#8221; custom_padding_tablet=&#8221;||||false|false&#8221; custom_padding_phone=&#8221;70px||0px||false|false&#8221; global_colors_info=&#8221;{}&#8221;][et_pb_row custom_padding_last_edited=&#8221;on|desktop&#8221; _builder_version=&#8221;4.17.4&#8243; _module_preset=&#8221;default&#8221; positioning=&#8221;absolute&#8221; position_origin_a=&#8221;center_center&#8221; custom_margin=&#8221;||||false|false&#8221; custom_padding=&#8221;||||false|false&#8221; custom_padding_tablet=&#8221;100px||50px||false|false&#8221; custom_padding_phone=&#8221;50px||||false|false&#8221; global_colors_info=&#8221;{}&#8221;][et_pb_column type=&#8221;4_4&#8243; _builder_version=&#8221;4.17.4&#8243; _module_preset=&#8221;default&#8221; global_colors_info=&#8221;{}&#8221;][et_pb_text _builder_version=&#8221;4.17.4&#8243; _module_preset=&#8221;default&#8221; text_line_height=&#8221;3.5em&#8221; custom_margin=&#8221;||30px||false|false&#8221; custom_margin_tablet=&#8221;||30px||false|false&#8221; custom_margin_phone=&#8221;||0px||false|false&#8221; custom_margin_last_edited=&#8221;on|phone&#8221; custom_padding=&#8221;||||false|false&#8221; animation_style=&#8221;slide&#8221; animation_direction=&#8221;bottom&#8221; animation_intensity_slide=&#8221;5%&#8221; global_colors_info=&#8221;{}&#8221;]<\/p>\n<p>Supersieben<\/p>\n<p>[\/et_pb_text][et_pb_text _builder_version=&#8221;4.17.4&#8243; _module_preset=&#8221;default&#8221; text_line_height=&#8221;3.5em&#8221; animation_style=&#8221;slide&#8221; animation_direction=&#8221;left&#8221; animation_delay=&#8221;500ms&#8221; animation_intensity_slide=&#8221;5%&#8221; header_font_size_tablet=&#8221;70px&#8221; global_colors_info=&#8221;{}&#8221;]<\/p>\n<h1>Imprint<\/h1>\n<p>[\/et_pb_text][et_pb_button button_url=&#8221;#case&#8221; button_text=&#8221;Read now&#8221; button_alignment=&#8221;left&#8221; disabled_on=&#8221;off|off|off&#8221; _builder_version=&#8221;4.17.4&#8243; _module_preset=&#8221;default&#8221; custom_button=&#8221;on&#8221; button_text_size=&#8221;20px&#8221; button_text_color=&#8221;#FFFFFF&#8221; button_bg_color=&#8221;#5D118F&#8221; button_letter_spacing=&#8221;0px&#8221; button_icon=&#8221;&#x22;||divi||400&#8243; transform_translate_linked__hover=&#8221;off&#8221; background_layout=&#8221;dark&#8221; custom_margin=&#8221;60px||||false|false&#8221; custom_padding=&#8221;15px||15px|20px|true|false&#8221; animation_style=&#8221;slide&#8221; animation_direction=&#8221;bottom&#8221; animation_delay=&#8221;1500ms&#8221; animation_intensity_slide=&#8221;5%&#8221; hover_enabled=&#8221;0&#8243; global_colors_info=&#8221;{}&#8221; transform_styles__hover_enabled=&#8221;off|desktop&#8221; transform_scale__hover_enabled=&#8221;off|desktop&#8221; transform_translate__hover_enabled=&#8221;off|desktop&#8221; transform_rotate__hover_enabled=&#8221;off|desktop&#8221; transform_skew__hover_enabled=&#8221;off|desktop&#8221; transform_origin__hover_enabled=&#8221;off|desktop&#8221; transform_translate__hover=&#8221;0px|-5px&#8221; sticky_enabled=&#8221;0&#8243;][\/et_pb_button][\/et_pb_column][\/et_pb_row][\/et_pb_section][et_pb_section fb_built=&#8221;1&#8243; admin_label=&#8221;Trenner&#8221; _builder_version=&#8221;4.17.4&#8243; _module_preset=&#8221;default&#8221; background_image=&#8221;https:\/\/supersieben.com\/wp-content\/uploads\/2022\/07\/charlesdeluvio-Lks7vei-eAg-unsplash-scaled.jpg&#8221; background_position=&#8221;top_center&#8221; background_vertical_offset=&#8221;29%&#8221; min_height=&#8221;300px&#8221; global_colors_info=&#8221;{}&#8221;][\/et_pb_section][et_pb_section fb_built=&#8221;1&#8243; custom_padding_last_edited=&#8221;off|tablet&#8221; module_id=&#8221;case&#8221; _builder_version=&#8221;4.17.4&#8243; _module_preset=&#8221;default&#8221; custom_margin=&#8221;||||false|false&#8221; custom_margin_tablet=&#8221;||50px||false|false&#8221; custom_margin_last_edited=&#8221;off|tablet&#8221; custom_padding_tablet=&#8221;||||false|false&#8221; custom_padding_phone=&#8221;70px||0px||false|false&#8221; global_colors_info=&#8221;{}&#8221;][et_pb_row column_structure=&#8221;1_5,3_5,1_5&#8243; _builder_version=&#8221;4.17.4&#8243; _module_preset=&#8221;default&#8221; global_colors_info=&#8221;{}&#8221;][et_pb_column type=&#8221;1_5&#8243; _builder_version=&#8221;4.17.4&#8243; _module_preset=&#8221;default&#8221; global_colors_info=&#8221;{}&#8221;][\/et_pb_column][et_pb_column type=&#8221;3_5&#8243; _builder_version=&#8221;4.17.4&#8243; _module_preset=&#8221;default&#8221; global_colors_info=&#8221;{}&#8221;][et_pb_text _builder_version=&#8221;4.17.4&#8243; _module_preset=&#8221;default&#8221; text_text_color=&#8221;#000000&#8243; header_2_font_size=&#8221;40px&#8221; header_2_line_height=&#8221;1.2em&#8221; header_3_font_size=&#8221;30px&#8221; animation_style=&#8221;slide&#8221; animation_direction=&#8221;left&#8221; animation_intensity_slide=&#8221;5%&#8221; global_colors_info=&#8221;{}&#8221;]<\/p>\n<p>Supersieben GmbH &amp; Co. KG<br \/>K\u00f6nigsberger Stra\u00dfe 1<br \/>40231 D\u00fcsseldorf<\/p>\n<p>Phone: +49 211 936706-0<a href=\"tel:00492119367060\"><\/a><br \/>Email: <a href=\"mailto:fragen@supersieben.de\"><\/a><a href=\"mailto:fragen@supersieben.de\">fragen@supersieben.de<\/a><\/p>\n<p>Register court: Amtsgericht D\u00fcsseldorf<br \/>Registration number: HRA 19857<\/p>\n<p>Personally liable partner of Supersieben GmbH &amp; Co. KG:<br \/>Supersieben GmbH<br \/>Managing Directors: Andreas Geerkens, Thomas Walter<br \/>Register court: Amtsgericht D\u00fcsseldorf<br \/>Register number: HRB 58191<\/p>\n<p>Tax number: 133\/5742\/1134<br \/>VAT ID: DE258904341<\/p>\n<p>[\/et_pb_text][\/et_pb_column][et_pb_column type=&#8221;1_5&#8243; _builder_version=&#8221;4.17.4&#8243; _module_preset=&#8221;default&#8221; global_colors_info=&#8221;{}&#8221;][\/et_pb_column][\/et_pb_row][\/et_pb_section]<\/p>\n","protected":false},"excerpt":{"rendered":"<p>SupersiebenImprintSupersieben GmbH &amp; Co. KGK\u00f6nigsberger Stra\u00dfe 140231 D\u00fcsseldorf Phone: +49 211 936706-0Email: fragen@supersieben.de Register court: Amtsgericht D\u00fcsseldorfRegistration number: HRA 19857 Personally liable partner of Supersieben GmbH &amp; Co. KG:Supersieben GmbHManaging Directors: Andreas Geerkens, Thomas WalterRegister court: Amtsgericht D\u00fcsseldorfRegister number: HRB 58191 Tax number: 133\/5742\/1134VAT ID: DE258904341<\/p>\n","protected":false},"author":2,"featured_media":0,"parent":0,"menu_order":2,"comment_status":"closed","ping_status":"closed","template":"","meta":{"_et_pb_use_builder":"on","_et_pb_old_content":"","_et_gb_content_width":"","inline_featured_image":false,"footnotes":""},"class_list":["post-2288","page","type-page","status-publish","hentry"],"yoast_head":"<!-- This site is optimized with the Yoast SEO plugin v27.4 - https:\/\/yoast.com\/product\/yoast-seo-wordpress\/ -->\n<title>Imprint - Supersieben<\/title>\n<meta name=\"robots\" content=\"index, follow, max-snippet:-1, max-image-preview:large, max-video-preview:-1\" \/>\n<link rel=\"canonical\" href=\"https:\/\/supersieben.com\/en\/imprint\/\" \/>\n<meta property=\"og:locale\" content=\"en_US\" \/>\n<meta property=\"og:type\" content=\"article\" \/>\n<meta property=\"og:title\" content=\"Imprint - Supersieben\" \/>\n<meta property=\"og:description\" content=\"SupersiebenImprintSupersieben GmbH &amp; Co. KGK\u00f6nigsberger Stra\u00dfe 140231 D\u00fcsseldorf Phone: +49 211 936706-0Email: fragen@supersieben.de Register court: Amtsgericht D\u00fcsseldorfRegistration number: HRA 19857 Personally liable partner of Supersieben GmbH &amp; Co. KG:Supersieben GmbHManaging Directors: Andreas Geerkens, Thomas WalterRegister court: Amtsgericht D\u00fcsseldorfRegister number: HRB 58191 Tax number: 133\/5742\/1134VAT ID: DE258904341\" \/>\n<meta property=\"og:url\" content=\"https:\/\/supersieben.com\/en\/imprint\/\" \/>\n<meta property=\"og:site_name\" content=\"Supersieben\" \/>\n<meta property=\"article:modified_time\" content=\"2023-04-03T10:44:58+00:00\" \/>\n<meta name=\"twitter:card\" content=\"summary_large_image\" \/>\n<meta name=\"twitter:label1\" content=\"Est. reading time\" \/>\n\t<meta name=\"twitter:data1\" content=\"3 minutes\" \/>\n<script type=\"application\/ld+json\" class=\"yoast-schema-graph\">{\"@context\":\"https:\\\/\\\/schema.org\",\"@graph\":[{\"@type\":\"WebPage\",\"@id\":\"https:\\\/\\\/supersieben.com\\\/en\\\/imprint\\\/\",\"url\":\"https:\\\/\\\/supersieben.com\\\/en\\\/imprint\\\/\",\"name\":\"Imprint - Supersieben\",\"isPartOf\":{\"@id\":\"https:\\\/\\\/supersieben.com\\\/en\\\/#website\"},\"datePublished\":\"2022-07-26T13:17:54+00:00\",\"dateModified\":\"2023-04-03T10:44:58+00:00\",\"breadcrumb\":{\"@id\":\"https:\\\/\\\/supersieben.com\\\/en\\\/imprint\\\/#breadcrumb\"},\"inLanguage\":\"en-US\",\"potentialAction\":[{\"@type\":\"ReadAction\",\"target\":[\"https:\\\/\\\/supersieben.com\\\/en\\\/imprint\\\/\"]}]},{\"@type\":\"BreadcrumbList\",\"@id\":\"https:\\\/\\\/supersieben.com\\\/en\\\/imprint\\\/#breadcrumb\",\"itemListElement\":[{\"@type\":\"ListItem\",\"position\":1,\"name\":\"Startseite\",\"item\":\"https:\\\/\\\/supersieben.com\\\/en\\\/homepage\\\/\"},{\"@type\":\"ListItem\",\"position\":2,\"name\":\"Imprint\"}]},{\"@type\":\"WebSite\",\"@id\":\"https:\\\/\\\/supersieben.com\\\/en\\\/#website\",\"url\":\"https:\\\/\\\/supersieben.com\\\/en\\\/\",\"name\":\"Supersieben\",\"description\":\"Business-Beratung\",\"publisher\":{\"@id\":\"https:\\\/\\\/supersieben.com\\\/en\\\/#organization\"},\"potentialAction\":[{\"@type\":\"SearchAction\",\"target\":{\"@type\":\"EntryPoint\",\"urlTemplate\":\"https:\\\/\\\/supersieben.com\\\/en\\\/?s={search_term_string}\"},\"query-input\":{\"@type\":\"PropertyValueSpecification\",\"valueRequired\":true,\"valueName\":\"search_term_string\"}}],\"inLanguage\":\"en-US\"},{\"@type\":\"Organization\",\"@id\":\"https:\\\/\\\/supersieben.com\\\/en\\\/#organization\",\"name\":\"Supersieben\",\"url\":\"https:\\\/\\\/supersieben.com\\\/en\\\/\",\"logo\":{\"@type\":\"ImageObject\",\"inLanguage\":\"en-US\",\"@id\":\"https:\\\/\\\/supersieben.com\\\/en\\\/#\\\/schema\\\/logo\\\/image\\\/\",\"url\":\"https:\\\/\\\/supersieben.com\\\/wp-content\\\/uploads\\\/2023\\\/02\\\/s7-logo-schwarz-v1-3.png\",\"contentUrl\":\"https:\\\/\\\/supersieben.com\\\/wp-content\\\/uploads\\\/2023\\\/02\\\/s7-logo-schwarz-v1-3.png\",\"width\":166,\"height\":164,\"caption\":\"Supersieben\"},\"image\":{\"@id\":\"https:\\\/\\\/supersieben.com\\\/en\\\/#\\\/schema\\\/logo\\\/image\\\/\"},\"sameAs\":[\"https:\\\/\\\/www.linkedin.com\\\/company\\\/supersieben-gmbh-&amp;-co.-kg\\\/\"]}]}<\/script>\n<!-- \/ Yoast SEO plugin. -->","yoast_head_json":{"title":"Imprint - Supersieben","robots":{"index":"index","follow":"follow","max-snippet":"max-snippet:-1","max-image-preview":"max-image-preview:large","max-video-preview":"max-video-preview:-1"},"canonical":"https:\/\/supersieben.com\/en\/imprint\/","og_locale":"en_US","og_type":"article","og_title":"Imprint - Supersieben","og_description":"SupersiebenImprintSupersieben GmbH &amp; Co. KGK\u00f6nigsberger Stra\u00dfe 140231 D\u00fcsseldorf Phone: +49 211 936706-0Email: fragen@supersieben.de Register court: Amtsgericht D\u00fcsseldorfRegistration number: HRA 19857 Personally liable partner of Supersieben GmbH &amp; Co. KG:Supersieben GmbHManaging Directors: Andreas Geerkens, Thomas WalterRegister court: Amtsgericht D\u00fcsseldorfRegister number: HRB 58191 Tax number: 133\/5742\/1134VAT ID: DE258904341","og_url":"https:\/\/supersieben.com\/en\/imprint\/","og_site_name":"Supersieben","article_modified_time":"2023-04-03T10:44:58+00:00","twitter_card":"summary_large_image","twitter_misc":{"Est. reading time":"3 minutes"},"schema":{"@context":"https:\/\/schema.org","@graph":[{"@type":"WebPage","@id":"https:\/\/supersieben.com\/en\/imprint\/","url":"https:\/\/supersieben.com\/en\/imprint\/","name":"Imprint - Supersieben","isPartOf":{"@id":"https:\/\/supersieben.com\/en\/#website"},"datePublished":"2022-07-26T13:17:54+00:00","dateModified":"2023-04-03T10:44:58+00:00","breadcrumb":{"@id":"https:\/\/supersieben.com\/en\/imprint\/#breadcrumb"},"inLanguage":"en-US","potentialAction":[{"@type":"ReadAction","target":["https:\/\/supersieben.com\/en\/imprint\/"]}]},{"@type":"BreadcrumbList","@id":"https:\/\/supersieben.com\/en\/imprint\/#breadcrumb","itemListElement":[{"@type":"ListItem","position":1,"name":"Startseite","item":"https:\/\/supersieben.com\/en\/homepage\/"},{"@type":"ListItem","position":2,"name":"Imprint"}]},{"@type":"WebSite","@id":"https:\/\/supersieben.com\/en\/#website","url":"https:\/\/supersieben.com\/en\/","name":"Supersieben","description":"Business-Beratung","publisher":{"@id":"https:\/\/supersieben.com\/en\/#organization"},"potentialAction":[{"@type":"SearchAction","target":{"@type":"EntryPoint","urlTemplate":"https:\/\/supersieben.com\/en\/?s={search_term_string}"},"query-input":{"@type":"PropertyValueSpecification","valueRequired":true,"valueName":"search_term_string"}}],"inLanguage":"en-US"},{"@type":"Organization","@id":"https:\/\/supersieben.com\/en\/#organization","name":"Supersieben","url":"https:\/\/supersieben.com\/en\/","logo":{"@type":"ImageObject","inLanguage":"en-US","@id":"https:\/\/supersieben.com\/en\/#\/schema\/logo\/image\/","url":"https:\/\/supersieben.com\/wp-content\/uploads\/2023\/02\/s7-logo-schwarz-v1-3.png","contentUrl":"https:\/\/supersieben.com\/wp-content\/uploads\/2023\/02\/s7-logo-schwarz-v1-3.png","width":166,"height":164,"caption":"Supersieben"},"image":{"@id":"https:\/\/supersieben.com\/en\/#\/schema\/logo\/image\/"},"sameAs":["https:\/\/www.linkedin.com\/company\/supersieben-gmbh-&amp;-co.-kg\/"]}]}},"_links":{"self":[{"href":"https:\/\/supersieben.com\/en\/wp-json\/wp\/v2\/pages\/2288","targetHints":{"allow":["GET"]}}],"collection":[{"href":"https:\/\/supersieben.com\/en\/wp-json\/wp\/v2\/pages"}],"about":[{"href":"https:\/\/supersieben.com\/en\/wp-json\/wp\/v2\/types\/page"}],"author":[{"embeddable":true,"href":"https:\/\/supersieben.com\/en\/wp-json\/wp\/v2\/users\/2"}],"replies":[{"embeddable":true,"href":"https:\/\/supersieben.com\/en\/wp-json\/wp\/v2\/comments?post=2288"}],"version-history":[{"count":5,"href":"https:\/\/supersieben.com\/en\/wp-json\/wp\/v2\/pages\/2288\/revisions"}],"predecessor-version":[{"id":2293,"href":"https:\/\/supersieben.com\/en\/wp-json\/wp\/v2\/pages\/2288\/revisions\/2293"}],"wp:attachment":[{"href":"https:\/\/supersieben.com\/en\/wp-json\/wp\/v2\/media?parent=2288"}],"curies":[{"name":"wp","href":"https:\/\/api.w.org\/{rel}","templated":true}]}}